{"id":3536,"date":"2018-07-18T13:49:26","date_gmt":"2018-07-18T11:49:26","guid":{"rendered":"https:\/\/art.phantom-of-light.de\/?page_id=3536"},"modified":"2023-11-16T11:11:15","modified_gmt":"2023-11-16T10:11:15","slug":"adult-2008","status":"publish","type":"page","link":"https:\/\/art.phantom-of-light.de\/?page_id=3536","title":{"rendered":"Adult &#8211; 2008"},"content":{"rendered":"\n<figure class=\"wp-block-image alignnone size-full wp-image-3537\"><img loading=\"lazy\" decoding=\"async\" width=\"468\" height=\"600\" src=\"https:\/\/art.phantom-of-light.de\/wp-content\/uploads\/20080810_02_600.jpg\" alt=\"\" class=\"wp-image-3537\"\/><figcaption class=\"wp-element-caption\">Entstanden am 10.08.2008 Outlines: Kugelschreiber (schwarz) Coloration &amp; Hintergrund: Aquarellfarben<\/figcaption><\/figure>\n\n\n\n<figure class=\"wp-block-image alignnone size-full wp-image-3538\"><img loading=\"lazy\" decoding=\"async\" width=\"457\" height=\"600\" src=\"https:\/\/art.phantom-of-light.de\/wp-content\/uploads\/20081229_01_600.jpg\" alt=\"\" class=\"wp-image-3538\"\/><figcaption class=\"wp-element-caption\">Entstanden am: 29.12.2008 \u2022 Outlines mit Fineliner. \u2022 Coloration mit Aquarellfarben. \u2022 Bearbeitung am PC: Farbent\u00e4ttigung \u2022 Hintergrund am PC (eigene Strukturen + brushes by deviantart.com)<\/figcaption><\/figure>\n\n\n\n<p>Ich habe auch schon des \u00f6fteren versucht erotische Szenen mit M\u00e4nnern und Frauen zu zeichnen, aber da sah immer sehr seltsam aus&#8230; Ich kann einfach keine M\u00e4nner zeichnen. -_-<\/p>\n","protected":false},"excerpt":{"rendered":"<p>Ich habe auch schon des \u00f6fteren versucht erotische Szenen mit M\u00e4nnern und Frauen zu zeichnen, aber da sah immer sehr seltsam aus&#8230; Ich kann einfach keine M\u00e4nner zeichnen. -_-<\/p>\n","protected":false},"author":1,"featured_media":0,"parent":6,"menu_order":0,"comment_status":"closed","ping_status":"closed","template":"","meta":{"footnotes":""},"class_list":["post-3536","page","type-page","status-publish","hentry"],"_links":{"self":[{"href":"https:\/\/art.phantom-of-light.de\/index.php?rest_route=\/wp\/v2\/pages\/3536","targetHints":{"allow":["GET"]}}],"collection":[{"href":"https:\/\/art.phantom-of-light.de\/index.php?rest_route=\/wp\/v2\/pages"}],"about":[{"href":"https:\/\/art.phantom-of-light.de\/index.php?rest_route=\/wp\/v2\/types\/page"}],"author":[{"embeddable":true,"href":"https:\/\/art.phantom-of-light.de\/index.php?rest_route=\/wp\/v2\/users\/1"}],"replies":[{"embeddable":true,"href":"https:\/\/art.phantom-of-light.de\/index.php?rest_route=%2Fwp%2Fv2%2Fcomments&post=3536"}],"version-history":[{"count":3,"href":"https:\/\/art.phantom-of-light.de\/index.php?rest_route=\/wp\/v2\/pages\/3536\/revisions"}],"predecessor-version":[{"id":3838,"href":"https:\/\/art.phantom-of-light.de\/index.php?rest_route=\/wp\/v2\/pages\/3536\/revisions\/3838"}],"up":[{"embeddable":true,"href":"https:\/\/art.phantom-of-light.de\/index.php?rest_route=\/wp\/v2\/pages\/6"}],"wp:attachment":[{"href":"https:\/\/art.phantom-of-light.de\/index.php?rest_route=%2Fwp%2Fv2%2Fmedia&parent=3536"}],"curies":[{"name":"wp","href":"https:\/\/api.w.org\/{rel}","templated":true}]}}