{"id":3508,"date":"2018-07-18T12:52:50","date_gmt":"2018-07-18T10:52:50","guid":{"rendered":"https:\/\/art.phantom-of-light.de\/?page_id=3508"},"modified":"2023-11-16T11:16:53","modified_gmt":"2023-11-16T10:16:53","slug":"black-white-2014","status":"publish","type":"page","link":"https:\/\/art.phantom-of-light.de\/?page_id=3508","title":{"rendered":"Black &#038; White &#8211; 2014"},"content":{"rendered":"\n<p>2014 arbeitete ich bevorzugt mit Aquarellbleistiften, Bleistift und probierte auch Techniken wie <a href=\"https:\/\/art.phantom-of-light.de\/?p=680\">Malen mit Kaffee<\/a> oder <a href=\"https:\/\/art.phantom-of-light.de\/?p=713\">Malen mit Wein<\/a> aus.<\/p>\n\n\n\n<figure class=\"wp-block-image alignnone size-full wp-image-3499\"><img loading=\"lazy\" decoding=\"async\" width=\"454\" height=\"600\" src=\"https:\/\/art.phantom-of-light.de\/wp-content\/uploads\/20140206_600.jpg\" alt=\"\" class=\"wp-image-3499\"\/><figcaption class=\"wp-element-caption\">Entstanden am 06.02.2014 \u2022 Outlines &amp; Schatierungen mit Bleistift (Faber Castell Bleistift 6B) \u2022 Originalformat: A4 \u2022 Papier: 90g, Druckerpapier \u2022 Making of: http:\/\/art.phantom-of-light.de\/?p=492<\/figcaption><\/figure>\n\n\n\n<figure class=\"wp-block-image alignnone size-full wp-image-3500\"><img loading=\"lazy\" decoding=\"async\" width=\"444\" height=\"600\" src=\"https:\/\/art.phantom-of-light.de\/wp-content\/uploads\/20140610_01_600.jpg\" alt=\"\" class=\"wp-image-3500\"\/><figcaption class=\"wp-element-caption\">Entstanden: 16.06.2014 \u2022 Original-Format: 12x17cm \u2022 Papier: Ursus Aquarellblock, 200g, rauh, hochwei\u00df \u2022 Outlines: Faber-Castell PITT artist pen BLACK 199*** S (K\u00fcnstlertusche, wasserfest) \u2022 Highlights (wei\u00df): uni-ball figNO broad Pigment Ink UM-153 White \u2022 Hier wollte ich meine neuen Aquarell-Bleistifte ausprobieren, die ich mitgenommen habe, um zu testen, ob ich mit Aquarell-Stiften zurecht komme (Sonst nutze ich einen Aquarellkasten.). Ich habe alle St\u00e4rken benutzt, die dabei waren. \u2022 Zwischenschritte im Blog: http:\/\/art.phantom-of-light.de\/?p=523<\/figcaption><\/figure>\n\n\n\n<figure class=\"wp-block-image alignnone size-full wp-image-3501\"><img loading=\"lazy\" decoding=\"async\" width=\"447\" height=\"600\" src=\"https:\/\/art.phantom-of-light.de\/wp-content\/uploads\/20140610_02_600.jpg\" alt=\"\" class=\"wp-image-3501\"\/><figcaption class=\"wp-element-caption\">Entstanden: 10.06.2014 \u2022 Originalformat: 12x17cm \u2022 Papier: Ursus Aquarellblock, 200g, rauh, hochwei\u00df \u2022 Outlines: Faber-Castell PITT artist pen Black 199*** S (K\u00fcnstlertusche, wasserfest) \u2022 Coloration: Faber-Castell Graphite Aquarelle HB, 4B, 8B \u2022 Highlights: uni-ball figNO broad Pigment Ink UM-153 White \u2022 Letztes Jahr habe ich mir das Faber-Castell Graphite Aquarelle-Set, bestehend aus 5 Bleistiften (HB, 2B, 4B, 6B und 8B) und einem Pinsel (St\u00e4rke 6), gekauft. Es handelt sich um wasservermalbare Bleistifte (Aquarellbleistifte). Die verschiedenen H\u00e4rten haben auch unterschiedliche Farben. HB ist am hellsten, 8B am dunkelsten. In S\/W zu arbeiten ist eine besondere Herausforderung, da die Kontraste nur durch die unterschiedlichen St\u00e4rken der Aquarellbleistifte entstehen und nicht durch die Farbt\u00f6ne.<\/figcaption><\/figure>\n\n\n\n<figure class=\"wp-block-image alignnone size-full wp-image-3502\"><img loading=\"lazy\" decoding=\"async\" width=\"475\" height=\"600\" src=\"https:\/\/art.phantom-of-light.de\/wp-content\/uploads\/20140627_01_600.jpg\" alt=\"\" class=\"wp-image-3502\"\/><figcaption class=\"wp-element-caption\">Entstanden: 27.06.2014 \u2022 Original-Format: 8&#215;10,5 cm \u2022 Papier: Hahnem\u00fchle Bamboo 265 gsm \u2022 Outlines: Faber Castell PITT artist pen BLACK 199*** S \u2022 Coloration: Filterkaffee \u2022 Highlights: uni-ball figNO broad Pigment Ink UM-153 White \u2022 Der erste Versuch mit Kaffee zu malen. Es ist damit nicht so einfach weiche \u00dcberg\u00e4nge (Verl\u00e4ufe) zu malen. Die harten Kanten sieht man leider auch erst, wenn der Kaffee getrocknet ist. Die Farben sind auf dem Original blasser. Der kr\u00e4ftige Farbton kommt durch die Einstellungen am Scanner. \u2022 Blogeintrag zum Thema &#8222;Malen mit Kaffee&#8220;: http:\/\/art.phantom-of-light.de\/?p=680<\/figcaption><\/figure>\n\n\n\n<figure class=\"wp-block-image alignnone size-full wp-image-3503\"><img loading=\"lazy\" decoding=\"async\" width=\"600\" height=\"431\" src=\"https:\/\/art.phantom-of-light.de\/wp-content\/uploads\/20140629_03_600.jpg\" alt=\"\" class=\"wp-image-3503\"\/><figcaption class=\"wp-element-caption\">Entstanden: 29.06.2014 \u2022 Original-Format: 8&#215;10,5 cm \u2022 Papier: Hahnem\u00fchle Bamboo 265 gsm \u2022 Coloration: Filterkaffee \u2022 Sonstiges: Mit dem F\u00f6n getrocknet. \u2022 Dies waren die ersten Versuche mit Kaffee zu malen&#8230;Noch ausbauf\u00e4hig. \u2022 Blogeintrag zum Thema &#8222;Malen mit Kaffee&#8220;: http:\/\/art.phantom-of-light.de\/?p=680<\/figcaption><\/figure>\n\n\n\n<figure class=\"wp-block-image alignnone size-full wp-image-3504\"><img loading=\"lazy\" decoding=\"async\" width=\"600\" height=\"460\" src=\"https:\/\/art.phantom-of-light.de\/wp-content\/uploads\/20140702_01_600.jpg\" alt=\"\" class=\"wp-image-3504\"\/><figcaption class=\"wp-element-caption\">Entstanden: 02.07.2014 \u2022 Originalformat: 17&#215;24 cm \u2022 Papier: Hahnem\u00fchle Britannia, 300g\/m\u00b2, naturwei\u00df, matt \u2022 Outlines: Faber-Castell 3H (Bleistift) \u2022 Coloration: Filterkaffee &amp; etwas Wasser \u2022 Kleinere, wei\u00dfe Details: uni-ball figNO broad Pigment Ink UM-153 White \u2022 Kaffee kann man nicht nur trinken. Man kann damit auch malen. Diese Technik erfordert allerdings sehr viel Zeit &amp; Geduld. \u2022 Making Of (Schritt f\u00fcr Schritt und Detailbilder): http:\/\/art.phantom-of-light.de\/?p=680<\/figcaption><\/figure>\n\n\n\n<figure class=\"wp-block-image alignnone size-full wp-image-3505\"><img loading=\"lazy\" decoding=\"async\" width=\"447\" height=\"600\" src=\"https:\/\/art.phantom-of-light.de\/wp-content\/uploads\/20140823_600.jpg\" alt=\"\" class=\"wp-image-3505\"\/><figcaption class=\"wp-element-caption\">Entstanden: 23.08.2014 \u2022 Original-Format: A4 \u2022 Papier: 90 g\/m\u00b2 Druckerpapier, wei\u00df \u2022 Outlines und Coloration Faber-Castell 6B \u2022 Eigentlich wollte ich versuchen einen Lack-Bh zu zeichnen. Er sieht aber eher aus, wie aus Metall. ^^<\/figcaption><\/figure>\n\n\n\n<figure class=\"wp-block-image alignnone size-full wp-image-3506\"><img loading=\"lazy\" decoding=\"async\" width=\"454\" height=\"600\" src=\"https:\/\/art.phantom-of-light.de\/wp-content\/uploads\/20141107_600.jpg\" alt=\"\" class=\"wp-image-3506\"\/><figcaption class=\"wp-element-caption\">Entstanden; 07.11.2014 \u2022 Original-Format: A4 \u2022 Papier: 90 g\/m\u00b2 Druckerpapier, hochwei\u00df \u2022 Outlines &amp; Schattierung: Faber-Castell 6B D \u2022 Kopfschmuck mit H\u00f6rnern ist schon seit einiger Zeit sehr beliebt (Mit Mori \/ Dolly Kei fing es an&#8230;). Ich habe versucht so einen Kopfschmuck zu zeichnen.<\/figcaption><\/figure>\n\n\n\n<figure class=\"wp-block-image alignnone size-full wp-image-3507\"><img loading=\"lazy\" decoding=\"async\" width=\"457\" height=\"600\" src=\"https:\/\/art.phantom-of-light.de\/wp-content\/uploads\/20140704_05_600.jpg\" alt=\"\" class=\"wp-image-3507\"\/><figcaption class=\"wp-element-caption\">Entstanden am: 04.07.2014 \u2022 Original-Format: 17x24cm \u2022 Papier: Hahnem\u00fchle &#8222;Britannia&#8220;, 300g\/m\u00b3, naturwei\u00df, matt; \u2022 Farbe: Aquarell (Winsor &amp; Newton Cotman Water Colours) \u2022 Sonstiges: Nagelpfeile (wei\u00dfe Punkte, Farbe raus gekratzt) \u2022 \u2022 \u2022 Ich habe f\u00fcr dieses Bild nur einen einzigen Farbton verwendet.<\/figcaption><\/figure>\n","protected":false},"excerpt":{"rendered":"<p>2014 arbeitete ich bevorzugt mit Aquarellbleistiften, Bleistift und probierte auch Techniken wie Malen mit Kaffee oder Malen mit Wein aus.<\/p>\n","protected":false},"author":1,"featured_media":0,"parent":6,"menu_order":0,"comment_status":"closed","ping_status":"closed","template":"","meta":{"footnotes":""},"class_list":["post-3508","page","type-page","status-publish","hentry"],"_links":{"self":[{"href":"https:\/\/art.phantom-of-light.de\/index.php?rest_route=\/wp\/v2\/pages\/3508","targetHints":{"allow":["GET"]}}],"collection":[{"href":"https:\/\/art.phantom-of-light.de\/index.php?rest_route=\/wp\/v2\/pages"}],"about":[{"href":"https:\/\/art.phantom-of-light.de\/index.php?rest_route=\/wp\/v2\/types\/page"}],"author":[{"embeddable":true,"href":"https:\/\/art.phantom-of-light.de\/index.php?rest_route=\/wp\/v2\/users\/1"}],"replies":[{"embeddable":true,"href":"https:\/\/art.phantom-of-light.de\/index.php?rest_route=%2Fwp%2Fv2%2Fcomments&post=3508"}],"version-history":[{"count":3,"href":"https:\/\/art.phantom-of-light.de\/index.php?rest_route=\/wp\/v2\/pages\/3508\/revisions"}],"predecessor-version":[{"id":3856,"href":"https:\/\/art.phantom-of-light.de\/index.php?rest_route=\/wp\/v2\/pages\/3508\/revisions\/3856"}],"up":[{"embeddable":true,"href":"https:\/\/art.phantom-of-light.de\/index.php?rest_route=\/wp\/v2\/pages\/6"}],"wp:attachment":[{"href":"https:\/\/art.phantom-of-light.de\/index.php?rest_route=%2Fwp%2Fv2%2Fmedia&parent=3508"}],"curies":[{"name":"wp","href":"https:\/\/api.w.org\/{rel}","templated":true}]}}