{"id":3475,"date":"2018-07-18T12:04:57","date_gmt":"2018-07-18T10:04:57","guid":{"rendered":"https:\/\/art.phantom-of-light.de\/?page_id=3475"},"modified":"2023-11-16T11:15:25","modified_gmt":"2023-11-16T10:15:25","slug":"black-white-2008","status":"publish","type":"page","link":"https:\/\/art.phantom-of-light.de\/?page_id=3475","title":{"rendered":"Black &#038; White &#8211; 2008"},"content":{"rendered":"\n<figure class=\"wp-block-image alignnone size-full wp-image-3470\"><img loading=\"lazy\" decoding=\"async\" width=\"455\" height=\"600\" src=\"https:\/\/art.phantom-of-light.de\/wp-content\/uploads\/20080107_01_600.jpg\" alt=\"\" class=\"wp-image-3470\"\/><figcaption class=\"wp-element-caption\">Entstanden: 07.01.2008 \u2022 Outlines: fineliner, schwarz \u2022 Original-Format: A4 \u2022 Papier: 90g Druckerpapier<\/figcaption><\/figure>\n\n\n\n<figure class=\"wp-block-image alignnone size-full wp-image-3471\"><img loading=\"lazy\" decoding=\"async\" width=\"574\" height=\"600\" src=\"https:\/\/art.phantom-of-light.de\/wp-content\/uploads\/20080107_02_600.jpg\" alt=\"\" class=\"wp-image-3471\"\/><figcaption class=\"wp-element-caption\">Entstanden: 07.01.2008 \u2022 Oulines: Fineliner \u2022 Original-Format: A4 \u2022 Papier: 90g Druckerpapier<\/figcaption><\/figure>\n\n\n\n<figure class=\"wp-block-image alignnone size-full wp-image-3472\"><img loading=\"lazy\" decoding=\"async\" width=\"439\" height=\"600\" src=\"https:\/\/art.phantom-of-light.de\/wp-content\/uploads\/20080107_03_600.jpg\" alt=\"\" class=\"wp-image-3472\"\/><figcaption class=\"wp-element-caption\">Entstanden: 07.01.2008 \u2022 Outlines: Fineliner \u2022 Original-Format: ca. 8-10cm (l\u00e4ngste Seite) \u2022 Soll darstellen: mich selbst<\/figcaption><\/figure>\n\n\n\n<figure class=\"wp-block-image alignnone size-full wp-image-3473\"><img loading=\"lazy\" decoding=\"async\" width=\"430\" height=\"600\" src=\"https:\/\/art.phantom-of-light.de\/wp-content\/uploads\/20080606_03_600.jpg\" alt=\"\" class=\"wp-image-3473\"\/><figcaption class=\"wp-element-caption\">Entstanden am: 06.06.2008 \u2022 Bearbeitet am: Juni 2014 \u2022 Outlines: blaue Tinte (F\u00fcller) \u2022 Hintergrund: Aquarellfarben (nachtr\u00e4glich am PC ungef\u00e4rbt und eingef\u00fcgt)<\/figcaption><\/figure>\n","protected":false},"excerpt":{"rendered":"","protected":false},"author":1,"featured_media":0,"parent":6,"menu_order":0,"comment_status":"closed","ping_status":"closed","template":"","meta":{"footnotes":""},"class_list":["post-3475","page","type-page","status-publish","hentry"],"_links":{"self":[{"href":"https:\/\/art.phantom-of-light.de\/index.php?rest_route=\/wp\/v2\/pages\/3475","targetHints":{"allow":["GET"]}}],"collection":[{"href":"https:\/\/art.phantom-of-light.de\/index.php?rest_route=\/wp\/v2\/pages"}],"about":[{"href":"https:\/\/art.phantom-of-light.de\/index.php?rest_route=\/wp\/v2\/types\/page"}],"author":[{"embeddable":true,"href":"https:\/\/art.phantom-of-light.de\/index.php?rest_route=\/wp\/v2\/users\/1"}],"replies":[{"embeddable":true,"href":"https:\/\/art.phantom-of-light.de\/index.php?rest_route=%2Fwp%2Fv2%2Fcomments&post=3475"}],"version-history":[{"count":3,"href":"https:\/\/art.phantom-of-light.de\/index.php?rest_route=\/wp\/v2\/pages\/3475\/revisions"}],"predecessor-version":[{"id":3850,"href":"https:\/\/art.phantom-of-light.de\/index.php?rest_route=\/wp\/v2\/pages\/3475\/revisions\/3850"}],"up":[{"embeddable":true,"href":"https:\/\/art.phantom-of-light.de\/index.php?rest_route=\/wp\/v2\/pages\/6"}],"wp:attachment":[{"href":"https:\/\/art.phantom-of-light.de\/index.php?rest_route=%2Fwp%2Fv2%2Fmedia&parent=3475"}],"curies":[{"name":"wp","href":"https:\/\/api.w.org\/{rel}","templated":true}]}}