{"id":3428,"date":"2018-07-18T11:22:06","date_gmt":"2018-07-18T09:22:06","guid":{"rendered":"https:\/\/art.phantom-of-light.de\/?page_id=3428"},"modified":"2023-11-16T11:13:13","modified_gmt":"2023-11-16T10:13:13","slug":"black-white-2005","status":"publish","type":"page","link":"https:\/\/art.phantom-of-light.de\/?page_id=3428","title":{"rendered":"Black &#038; White &#8211; 2005"},"content":{"rendered":"\n<p>2005 probierte ich auch das Zeichnen auf gr\u00f6\u00dferen formaten (A3) aus. Bisher hatte ich immer nur auf max. A4 gezeichnet. Ich merkte schnell, dass dieses Format nicht das Richtige f\u00fcr mich ist. &#8211; Und es auch das Einscannen, auf meinem A4-Scanner) , umst\u00e4ndlich ist. Ich habe die Zeichnungen letztendlich abfotografiert, was zu Qualit\u00e4tsverlust gef\u00fchrt hat. :\/<\/p>\n\n\n\n<figure class=\"wp-block-image alignnone size-full wp-image-3429\"><img loading=\"lazy\" decoding=\"async\" width=\"420\" height=\"600\" src=\"https:\/\/art.phantom-of-light.de\/wp-content\/uploads\/20050301_600.jpg\" alt=\"\" class=\"wp-image-3429\"\/><figcaption class=\"wp-element-caption\">01.03.2005 \u2022 Fineliner<\/figcaption><\/figure>\n\n\n\n<figure class=\"wp-block-image alignnone size-full wp-image-3430\"><img loading=\"lazy\" decoding=\"async\" width=\"422\" height=\"600\" src=\"https:\/\/art.phantom-of-light.de\/wp-content\/uploads\/20050525_600.jpg\" alt=\"\" class=\"wp-image-3430\"\/><figcaption class=\"wp-element-caption\">25.05.2005 Bleistift abfotografiert Original ist A3 gro\u00df<\/figcaption><\/figure>\n\n\n\n<figure class=\"wp-block-image alignnone size-full wp-image-3431\"><img loading=\"lazy\" decoding=\"async\" width=\"437\" height=\"600\" src=\"https:\/\/art.phantom-of-light.de\/wp-content\/uploads\/20050605_600.jpg\" alt=\"\" class=\"wp-image-3431\"\/><figcaption class=\"wp-element-caption\">05.06.2005 \u2022 Bleistift \u2022 Abfotografiert. Das Original ist A3 gro\u00df<\/figcaption><\/figure>\n","protected":false},"excerpt":{"rendered":"<p>2005 probierte ich auch das Zeichnen auf gr\u00f6\u00dferen formaten (A3) aus. Bisher hatte ich immer nur auf max. A4 gezeichnet. Ich merkte schnell, dass dieses Format nicht das Richtige f\u00fcr mich ist. &#8211; Und es auch das Einscannen, auf meinem A4-Scanner) , umst\u00e4ndlich ist. Ich habe die Zeichnungen letztendlich abfotografiert, was zu Qualit\u00e4tsverlust gef\u00fchrt hat. [&hellip;]<\/p>\n","protected":false},"author":1,"featured_media":0,"parent":6,"menu_order":0,"comment_status":"closed","ping_status":"closed","template":"","meta":{"footnotes":""},"class_list":["post-3428","page","type-page","status-publish","hentry"],"_links":{"self":[{"href":"https:\/\/art.phantom-of-light.de\/index.php?rest_route=\/wp\/v2\/pages\/3428","targetHints":{"allow":["GET"]}}],"collection":[{"href":"https:\/\/art.phantom-of-light.de\/index.php?rest_route=\/wp\/v2\/pages"}],"about":[{"href":"https:\/\/art.phantom-of-light.de\/index.php?rest_route=\/wp\/v2\/types\/page"}],"author":[{"embeddable":true,"href":"https:\/\/art.phantom-of-light.de\/index.php?rest_route=\/wp\/v2\/users\/1"}],"replies":[{"embeddable":true,"href":"https:\/\/art.phantom-of-light.de\/index.php?rest_route=%2Fwp%2Fv2%2Fcomments&post=3428"}],"version-history":[{"count":3,"href":"https:\/\/art.phantom-of-light.de\/index.php?rest_route=\/wp\/v2\/pages\/3428\/revisions"}],"predecessor-version":[{"id":3845,"href":"https:\/\/art.phantom-of-light.de\/index.php?rest_route=\/wp\/v2\/pages\/3428\/revisions\/3845"}],"up":[{"embeddable":true,"href":"https:\/\/art.phantom-of-light.de\/index.php?rest_route=\/wp\/v2\/pages\/6"}],"wp:attachment":[{"href":"https:\/\/art.phantom-of-light.de\/index.php?rest_route=%2Fwp%2Fv2%2Fmedia&parent=3428"}],"curies":[{"name":"wp","href":"https:\/\/api.w.org\/{rel}","templated":true}]}}