{"id":3296,"date":"2018-07-17T22:02:51","date_gmt":"2018-07-17T20:02:51","guid":{"rendered":"https:\/\/art.phantom-of-light.de\/?page_id=3296"},"modified":"2023-11-16T11:20:47","modified_gmt":"2023-11-16T10:20:47","slug":"color-2014","status":"publish","type":"page","link":"https:\/\/art.phantom-of-light.de\/?page_id=3296","title":{"rendered":"Color &#8211; 2014"},"content":{"rendered":"\n<p>2014 habe ich verst\u00e4rkt mit dem Bleistift (6B) gezeichnet und schattiert und verschiedene Aquarellpapiere ausprobiert. Au\u00dferdem machte ich mich auch mit der Kaffeemalerei vertraut.<\/p>\n\n\n\n<figure class=\"wp-block-image alignnone size-full wp-image-3201\"><img loading=\"lazy\" decoding=\"async\" width=\"454\" height=\"600\" src=\"https:\/\/art.phantom-of-light.de\/wp-content\/uploads\/20140320_01_600.jpg\" alt=\"\" class=\"wp-image-3201\"\/><figcaption class=\"wp-element-caption\">Entstanden: 20.03.2014 \u2022 Bearbeitung: Juni 2014 (Aquarell-Hintergrund am PC eingef\u00fcgt) \u2022 Original-Format: A4 \u2022 Papier: 90g, Druckerpapier \u2022 Outlines &amp; Schattierungen: Bleistift (Faber-Castell Bleistift 6B) \u2022 Hintergrund: Aquarell Papier: Hahnem\u00fchle \u201cBritannia\u201d, 17x24cm, 300g\/m\u00b3, naturwei\u00df, matt. Coloration: Winsor &amp; Newton Cotman Water Colours Sketchers\u00b4 Pocket Box. \u2022 Eigentlich wollte ich den Hintergrund ebenfalls in Graustufen umwandeln, fand den Kontrast aber interessant. Also habe ich es dann so gelassen. \ud83d\ude42 \u2022 Zwischenschritte im Blog: https:\/\/art.phantom-of-light.de\/?p=508 (Motiv) und https:\/\/art.phantom-of-light.de\/?p=473 (Hintergrund mit Aquarell)<\/figcaption><\/figure>\n\n\n\n<figure class=\"wp-block-image alignnone size-full wp-image-3202\"><img loading=\"lazy\" decoding=\"async\" width=\"454\" height=\"600\" src=\"https:\/\/art.phantom-of-light.de\/wp-content\/uploads\/20140320_03_600_02.jpg\" alt=\"\" class=\"wp-image-3202\"\/><figcaption class=\"wp-element-caption\">Entstanden am: 20.03.2014 \u2022 Original-Format: A4 \u2022 Papier: 90g\/m\u00b2 Druckerpapier \u2022 Outlines: Bleistift (Faber-Castell 6B) \u2022 Coloration &amp; Hintergrund: Autodesk SketchBook Desktop (Free) \u2022 Meine erste PC-Coloration mit SketchBook, bei der ich erst einmal das Programm kennengelernt habe. Die Colorartion entstand, Anfang M\u00e4rz 2016, mit der Maus. Verwendete Werkzeuge: runter Synthetik-Pinsel und Verwischen-Netzpinsel<\/figcaption><\/figure>\n\n\n\n<figure class=\"wp-block-image alignnone size-full wp-image-3203\"><img loading=\"lazy\" decoding=\"async\" width=\"465\" height=\"600\" src=\"https:\/\/art.phantom-of-light.de\/wp-content\/uploads\/20140614_02_600.jpg\" alt=\"\" class=\"wp-image-3203\"\/><figcaption class=\"wp-element-caption\">Entstanden: 14.06.2014 \u2022 Originalformat: 14,8x21cm \u2022 Papier: Hahnem\u00fchle \u201eAllegretto\u201c, 150g\/m\u00b2, rau, hochwei\u00df \u2022 Outlines: Faber-Castell PITT artist pen Dark Sepia 175*** S (K\u00fcnstlertusche, wasserfest) \u2022 Coloration: Faber Castell Art Grip Aquarelle 121, 126 (Rott\u00f6ne) \u2022 Highlights: uni-ball figNO broad Pigment Ink UM-153 White \u2022 Diese Zeichnung habe ich nur mit ROT, in zwei Farbt\u00f6nen (hell und dunkler), coloriert. Am PC habe ich das Ganze noch nachtr\u00e4glich mit einem einem Gelb-Filter versehen, da mir das Bild auf dem wei\u00dfen Papier zu \u201ekalt\u201c war. (Nat\u00fcrlich habe ich mir zum Testen die Farbe gekauft, die am schwersten zu scannen ist. -_-)<\/figcaption><\/figure>\n\n\n\n<figure class=\"wp-block-image alignnone size-full wp-image-3205\"><img loading=\"lazy\" decoding=\"async\" width=\"475\" height=\"600\" src=\"https:\/\/art.phantom-of-light.de\/wp-content\/uploads\/20140616_01_600.jpg\" alt=\"\" class=\"wp-image-3205\"\/><figcaption class=\"wp-element-caption\">Entstanden: 16.06.2014 \u2022 Outlines: Faber-Castell PITT artist pen BLACK 199*** S \u2022 Coloration: Faber-Castell Graphite Aquarelle (HB, 4B), Faber-Castell ART Grip Aquarelle 121 \u2022 Highlights: uni-ball figNO broad Pigment Ink UM-153 White \u2022 Original-Format: 8 x 10,5 cm \u2022 Papier: Hahnem\u00fchle Bamboo 265 gsm Mixed Media, 265 g\/m\u00b2 \u2022 Ich wollte meinen neuen Block, die neuen Aquarellstifte und den neuen, wasserfesten, Tusche-Stift ausprobieren. \ud83d\ude42 \u2022 Zwischenschritte im Blog: https:\/\/art.phantom-of-light.de\/?p=704<\/figcaption><\/figure>\n\n\n\n<figure class=\"wp-block-image alignnone size-full wp-image-3206\"><img loading=\"lazy\" decoding=\"async\" width=\"463\" height=\"600\" src=\"https:\/\/art.phantom-of-light.de\/wp-content\/uploads\/20140619_600.jpg\" alt=\"\" class=\"wp-image-3206\"\/><figcaption class=\"wp-element-caption\">Entstanden: 19.06.2014 \u2022 Original-Format: 14,8x21cm \u2022 Papier: Hahnem\u00fchle \u201eAllegretto\u201c, 150g\/m\u00b2, rau, hochwei\u00df \u2022 Outlines: Faber Castell PITT artist pen Black 199*** S (K\u00fcnstlertusche, wasserfest) \u2022 Coloration: Faber Castell Albrecht D\u00fcrer Permanent Carmine 8200-126** \u2022 Highlights: uni-ball figNO broad Pigment Ink UM-153 White \u2022 Das Papier ist nicht daf\u00fcr geeignet mit viel Wasser darauf zu malen. Es hatte sich leider gewellt. Weil mir das Papier dann doch zu wei\u00df war, habe ich es nachtr\u00e4glich am PC in einem Pastellgelb get\u00f6nt. \u2022 Infos zum Papier im Blog: http:\/\/art.phantom-of-light.de\/?p=555<\/figcaption><\/figure>\n\n\n\n<figure class=\"wp-block-image alignnone size-full wp-image-3207\"><img loading=\"lazy\" decoding=\"async\" width=\"600\" height=\"424\" src=\"https:\/\/art.phantom-of-light.de\/wp-content\/uploads\/20140625_29_01_600.jpg\" alt=\"\" class=\"wp-image-3207\"\/><figcaption class=\"wp-element-caption\">Enstanden: 25. &amp; 29.06.2014 \u2022 Links: Outlines: Faber Castell PITT artist pen Black 199*** S. Coloration: Winsor &amp; Newton Cotman Water Colours, Faber Castell Albrecht D\u00fcrer Permanent Carimne 8200-126** und Purple Violet 8200-136**; Faber Castell ART Grip Aquarelle 132. Original-Format: 8\u00d710,5 cm. Papier: Hahnem\u00fchle Bamboo 264gsm. \u2022 Ganzk\u00f6rper-Motive sind auf so einem kleinen Format eher schwierig zu zeichnen. \u2022 Rechts: Outlines: Faber-Castell Bleistift (5H Vorskizze und 5B Outlines). Coloration: Winsor &amp; Newton Cotman Water Colours, Sketchers\u00b4Pocket Box. Highlights: uni-ball figNO broad Pigment Ink UM-153 White. Original-Format: 8\u00d710,5 cm. Papier: Hahnem\u00fchle Bamboo 264gsm. \u2022 Der 5B Bleistift eignet sich eher weniger f\u00fcr die Coloration mit Aquarellbuntstiften. Er verschmiert. \u2022 Blog: https:\/\/art.phantom-of-light.de\/?p=550 (Neues Aquarellpapier &amp; Aquarellstifte) \u2022 https:\/\/art.phantom-of-light.de\/?p=704 (Hahnem\u00fchle Bamboo 265 gsm (Aquarell))<\/figcaption><\/figure>\n\n\n\n<figure class=\"wp-block-image alignnone size-full wp-image-3208\"><img loading=\"lazy\" decoding=\"async\" width=\"600\" height=\"448\" src=\"https:\/\/art.phantom-of-light.de\/wp-content\/uploads\/20140704_06_600.jpg\" alt=\"\" class=\"wp-image-3208\"\/><figcaption class=\"wp-element-caption\">Entstanden am: 04.07.2014 \u2022 Papier: Hahnem\u00fchle \u201eAllegretto\u201c, 14,8x21cm, hellwei\u00df, rau \u2022 Coloration: Winsor &amp; Newton Cotman Water Colours Sketcher\u00b4s Box \u2022 Sonstiges: Nagelpfeile (Farbe abgeschliffen) \u2022 Das Papier ist d\u00fcnn und da ich mit viel Wasser gearbeitet habe, musste ich es mit Tesa am Tisch fest kleben, damit es sp\u00e4ter (einigerma\u00dfen) gerade ist.<\/figcaption><\/figure>\n\n\n\n<figure class=\"wp-block-image alignnone size-full wp-image-3209\"><img loading=\"lazy\" decoding=\"async\" width=\"480\" height=\"600\" src=\"https:\/\/art.phantom-of-light.de\/wp-content\/uploads\/20141113_01_600.jpg\" alt=\"\" class=\"wp-image-3209\"\/><figcaption class=\"wp-element-caption\">Entstanden am: 13.11.2014 \u2022 Original-Format: 8\u00d710,5cm \u2022 Papier: Hahnem\u00fchle Echt B\u00fctten Aquarell, 200g\/m\u00b2, rau \u2022 Coloration: Winsor &amp; Newton Cotman WaterColours Sketchers Pocket Box \u2022 Pinsel: Rico Design Art School 5<\/figcaption><\/figure>\n\n\n\n<figure class=\"wp-block-image alignnone size-full wp-image-3210\"><img loading=\"lazy\" decoding=\"async\" width=\"477\" height=\"600\" src=\"https:\/\/art.phantom-of-light.de\/wp-content\/uploads\/20141113_03_600.jpg\" alt=\"\" class=\"wp-image-3210\"\/><figcaption class=\"wp-element-caption\">Entstanden am: 13.11.2014 \u2022 Original-Format: 8\u00d710,5cm \u2022 Papier: Hahnem\u00fchle Echt B\u00fctten Aquarell, 200g\/m\u00b2, rau \u2022 Coloration: Winsor &amp; Newton Cotman Water Colours Sketchers Pocket Box \u2022 Pinsel: Rico Design Art School 5<\/figcaption><\/figure>\n\n\n\n<figure class=\"wp-block-image alignnone size-full wp-image-3211\"><img loading=\"lazy\" decoding=\"async\" width=\"600\" height=\"431\" src=\"https:\/\/art.phantom-of-light.de\/wp-content\/uploads\/20141113_04_600_02.jpg\" alt=\"\" class=\"wp-image-3211\"\/><figcaption class=\"wp-element-caption\">Entstanden am: 13.11.2014 \u2022 Original-Format: 8\u00d710,5cm \u2022 Papier: Hahnem\u00fchle Echt B\u00fctten Aquarell, 200g\/m\u00b2, rau \u2022 Coloration: Winsor &amp; Newton Cotman Water Colours Sketcher\u00b4s Pocket Box \u2022 Pinsel: Rico Design Art School 5<\/figcaption><\/figure>\n","protected":false},"excerpt":{"rendered":"<p>2014 habe ich verst\u00e4rkt mit dem Bleistift (6B) gezeichnet und schattiert und verschiedene Aquarellpapiere ausprobiert. Au\u00dferdem machte ich mich auch mit der Kaffeemalerei vertraut.<\/p>\n","protected":false},"author":1,"featured_media":0,"parent":6,"menu_order":0,"comment_status":"closed","ping_status":"closed","template":"","meta":{"footnotes":""},"class_list":["post-3296","page","type-page","status-publish","hentry"],"_links":{"self":[{"href":"https:\/\/art.phantom-of-light.de\/index.php?rest_route=\/wp\/v2\/pages\/3296","targetHints":{"allow":["GET"]}}],"collection":[{"href":"https:\/\/art.phantom-of-light.de\/index.php?rest_route=\/wp\/v2\/pages"}],"about":[{"href":"https:\/\/art.phantom-of-light.de\/index.php?rest_route=\/wp\/v2\/types\/page"}],"author":[{"embeddable":true,"href":"https:\/\/art.phantom-of-light.de\/index.php?rest_route=\/wp\/v2\/users\/1"}],"replies":[{"embeddable":true,"href":"https:\/\/art.phantom-of-light.de\/index.php?rest_route=%2Fwp%2Fv2%2Fcomments&post=3296"}],"version-history":[{"count":3,"href":"https:\/\/art.phantom-of-light.de\/index.php?rest_route=\/wp\/v2\/pages\/3296\/revisions"}],"predecessor-version":[{"id":3871,"href":"https:\/\/art.phantom-of-light.de\/index.php?rest_route=\/wp\/v2\/pages\/3296\/revisions\/3871"}],"up":[{"embeddable":true,"href":"https:\/\/art.phantom-of-light.de\/index.php?rest_route=\/wp\/v2\/pages\/6"}],"wp:attachment":[{"href":"https:\/\/art.phantom-of-light.de\/index.php?rest_route=%2Fwp%2Fv2%2Fmedia&parent=3296"}],"curies":[{"name":"wp","href":"https:\/\/api.w.org\/{rel}","templated":true}]}}