{"id":3290,"date":"2018-07-17T21:56:33","date_gmt":"2018-07-17T19:56:33","guid":{"rendered":"https:\/\/art.phantom-of-light.de\/?page_id=3290"},"modified":"2023-11-16T11:19:58","modified_gmt":"2023-11-16T10:19:58","slug":"color-2011","status":"publish","type":"page","link":"https:\/\/art.phantom-of-light.de\/?page_id=3290","title":{"rendered":"Color &#8211; 2011"},"content":{"rendered":"\n<p>2011 habe ich ein paar Fanarts zu Hell Girl oder Sailor Moon gezeichnet und auch wieder mehr mit Bunstiften coloriert.<\/p>\n\n\n\n<figure class=\"wp-block-image alignnone size-full wp-image-3189\"><img loading=\"lazy\" decoding=\"async\" width=\"470\" height=\"600\" src=\"https:\/\/art.phantom-of-light.de\/wp-content\/uploads\/20110725_01_600.jpg\" alt=\"\" class=\"wp-image-3189\"\/><figcaption class=\"wp-element-caption\">Entstanden: 25.07.2011 Outlines: Bleistift Coloration: Aquarell Original-Format: ca. A4 Papier: dickeres Skizzenpapier mit Struktur, naturwei\u00df Dolly Kei (Modestil).<\/figcaption><\/figure>\n\n\n\n<figure class=\"wp-block-image alignnone size-full wp-image-3190\"><img loading=\"lazy\" decoding=\"async\" width=\"475\" height=\"600\" src=\"https:\/\/art.phantom-of-light.de\/wp-content\/uploads\/20110801_600.jpg\" alt=\"\" class=\"wp-image-3190\"\/><figcaption class=\"wp-element-caption\">Entstanden: 01.08.2011 Bearbeitung: 23.08.2011 Outflines: Bleistift Coloration: Buntstifte Hintergrund: eigenes Foto von einem Vorhang Tonung: Am PC. Ich wollte dem Bild einen leichten Vintage \/ retro-Touch geben. Dolly Kei (Modestil)<\/figcaption><\/figure>\n\n\n\n<figure class=\"wp-block-image alignnone size-full wp-image-3191\"><img loading=\"lazy\" decoding=\"async\" width=\"422\" height=\"600\" src=\"https:\/\/art.phantom-of-light.de\/wp-content\/uploads\/20111113_01_600.jpg\" alt=\"\" class=\"wp-image-3191\"\/><figcaption class=\"wp-element-caption\">Entstanden: 13.11.2011 Bearbeitung: 03.12.2012 Outlines: schwarzer Fineliner Coloration: Buntstifte (Faber Castell Polychromos) Hintergrund: PC (Brushes by deviantart.com) Original-Format: A4 Papier: 120 g\/qm (zu d\u00fcnn f\u00fcr diese Buntstifte) (Ja. Sie hat verschieden lange Arme. :D)<\/figcaption><\/figure>\n\n\n\n<figure class=\"wp-block-image alignnone size-full wp-image-3192\"><img loading=\"lazy\" decoding=\"async\" width=\"454\" height=\"600\" src=\"https:\/\/art.phantom-of-light.de\/wp-content\/uploads\/20111114_01_600.jpg\" alt=\"\" class=\"wp-image-3192\"\/><figcaption class=\"wp-element-caption\">Entstanden: 14.11.2011 Outlines: Fineliner, schwarz Coloration: Buntstifte (Faber-Castell Polychromos) Hintergrund: mit Aquarell gemalt (nachtr\u00e4glich am PC eingef\u00fcgt und umgef\u00e4rbt) Soll darstellen: Mich selbst in einem Casual Lolita Outfit.<\/figcaption><\/figure>\n","protected":false},"excerpt":{"rendered":"<p>2011 habe ich ein paar Fanarts zu Hell Girl oder Sailor Moon gezeichnet und auch wieder mehr mit Bunstiften coloriert.<\/p>\n","protected":false},"author":1,"featured_media":0,"parent":6,"menu_order":0,"comment_status":"closed","ping_status":"closed","template":"","meta":{"footnotes":""},"class_list":["post-3290","page","type-page","status-publish","hentry"],"_links":{"self":[{"href":"https:\/\/art.phantom-of-light.de\/index.php?rest_route=\/wp\/v2\/pages\/3290","targetHints":{"allow":["GET"]}}],"collection":[{"href":"https:\/\/art.phantom-of-light.de\/index.php?rest_route=\/wp\/v2\/pages"}],"about":[{"href":"https:\/\/art.phantom-of-light.de\/index.php?rest_route=\/wp\/v2\/types\/page"}],"author":[{"embeddable":true,"href":"https:\/\/art.phantom-of-light.de\/index.php?rest_route=\/wp\/v2\/users\/1"}],"replies":[{"embeddable":true,"href":"https:\/\/art.phantom-of-light.de\/index.php?rest_route=%2Fwp%2Fv2%2Fcomments&post=3290"}],"version-history":[{"count":3,"href":"https:\/\/art.phantom-of-light.de\/index.php?rest_route=\/wp\/v2\/pages\/3290\/revisions"}],"predecessor-version":[{"id":3868,"href":"https:\/\/art.phantom-of-light.de\/index.php?rest_route=\/wp\/v2\/pages\/3290\/revisions\/3868"}],"up":[{"embeddable":true,"href":"https:\/\/art.phantom-of-light.de\/index.php?rest_route=\/wp\/v2\/pages\/6"}],"wp:attachment":[{"href":"https:\/\/art.phantom-of-light.de\/index.php?rest_route=%2Fwp%2Fv2%2Fmedia&parent=3290"}],"curies":[{"name":"wp","href":"https:\/\/api.w.org\/{rel}","templated":true}]}}