{"id":3280,"date":"2018-07-17T21:44:45","date_gmt":"2018-07-17T19:44:45","guid":{"rendered":"https:\/\/art.phantom-of-light.de\/?page_id=3280"},"modified":"2024-08-12T13:00:44","modified_gmt":"2024-08-12T11:00:44","slug":"color-2008","status":"publish","type":"page","link":"https:\/\/art.phantom-of-light.de\/?page_id=3280","title":{"rendered":"Color- 2008"},"content":{"rendered":"\n<p>2008 bin ich dem Chibi-Stil verfallen und habe viel ausprobiert. Im Laufe des Jahres entdeckte ich das Colorieren mit Aquarellfarben f\u00fcr mich. \ud83d\ude42<\/p>\n\n\n\n<figure class=\"wp-block-image alignnone size-full wp-image-3253\"><img loading=\"lazy\" decoding=\"async\" width=\"425\" height=\"600\" src=\"https:\/\/art.phantom-of-light.de\/wp-content\/uploads\/20080122_01_600.jpg\" alt=\"\" class=\"wp-image-3253\"\/><figcaption class=\"wp-element-caption\">Entstanden am 22.01.2008 (an meinem Geburtstag ^^) \u2022 Fineliner &amp; Buntstifte \u2022 Hintergrund am PC \u2022 Brushes (Blumen) by devianart.com<\/figcaption><\/figure>\n\n\n\n<figure class=\"wp-block-image alignnone size-full wp-image-3254\"><img loading=\"lazy\" decoding=\"async\" width=\"480\" height=\"600\" src=\"https:\/\/art.phantom-of-light.de\/wp-content\/uploads\/20080606_02_600.jpg\" alt=\"\" class=\"wp-image-3254\"\/><figcaption class=\"wp-element-caption\">Entstanden: 06.06.2008 \u2022 Outlines und Schattierung mit Bleistift. \u2022 Coloration und Hintergrund am PC.<\/figcaption><\/figure>\n\n\n\n<figure class=\"wp-block-image alignnone size-full wp-image-3255\"><img loading=\"lazy\" decoding=\"async\" width=\"430\" height=\"600\" src=\"https:\/\/art.phantom-of-light.de\/wp-content\/uploads\/20080607_02_600.jpg\" alt=\"\" class=\"wp-image-3255\"\/><figcaption class=\"wp-element-caption\">Entstanden am 07.06.2008 \u2022 Outlines mit Bleistift Coloration am PC. \u2022 Hilfsmittel: Grafiktablett \u2022 Hintergrund am PC. \u2022 Brushes by devianart.com<\/figcaption><\/figure>\n\n\n\n<figure class=\"wp-block-image alignnone size-full wp-image-3256\"><img loading=\"lazy\" decoding=\"async\" width=\"462\" height=\"600\" src=\"https:\/\/art.phantom-of-light.de\/wp-content\/uploads\/20080607_03_600.jpg\" alt=\"\" class=\"wp-image-3256\"\/><figcaption class=\"wp-element-caption\">Entstanden: 06.07.2008 \u2022 Outlines: Bleistift \u2022 Coloration am PC. \u2022 Hilfsmittel: Grafiktablett \u2022 Strukturen f\u00fcr Hintergrund: Brushes by devianart.de \u2022 Font: Night Sky \u2022 Windumg: Melanie F. zur ihrem 21.sten Geburtstag. \u2022 Meine erste Zeichnung, die ich komplett mit meinem neuen Grafiktablett coloriert habe. \u2026 Bin noch nicht 100%ig damit zu frieden. Musste schnell gehen. -________-<\/figcaption><\/figure>\n\n\n\n<figure class=\"wp-block-image alignnone size-full wp-image-3257\"><img loading=\"lazy\" decoding=\"async\" width=\"427\" height=\"600\" src=\"https:\/\/art.phantom-of-light.de\/wp-content\/uploads\/20080615_01_600.jpg\" alt=\"\" class=\"wp-image-3257\"\/><figcaption class=\"wp-element-caption\">Entstanden: 15.06.2008 \u2022 Outlines: Kugelschreiber (schwarz) \u2022 Coloration: Buntstifte \u2022 Hintergrund: Aquarellbild aus dem Jahr 2014. Nachtr\u00e4glich am PC umgef\u00e4rbt.<\/figcaption><\/figure>\n\n\n\n<figure class=\"wp-block-image alignnone size-full wp-image-3258\"><img loading=\"lazy\" decoding=\"async\" width=\"448\" height=\"600\" src=\"https:\/\/art.phantom-of-light.de\/wp-content\/uploads\/20080808_01_600.jpg\" alt=\"\" class=\"wp-image-3258\"\/><figcaption class=\"wp-element-caption\">Entstanden am: 08.08.2008 \u2022 Outlines: Bleistift \u2022 Coloration: Aquarell \u2022 Hintergrund: Aquarell (Nachtr\u00e4gllich am PC eingef\u00fcgt)<\/figcaption><\/figure>\n\n\n\n<figure class=\"wp-block-image alignnone size-full wp-image-3259\"><img loading=\"lazy\" decoding=\"async\" width=\"451\" height=\"600\" src=\"https:\/\/art.phantom-of-light.de\/wp-content\/uploads\/20080808_02_600.jpg\" alt=\"\" class=\"wp-image-3259\"\/><figcaption class=\"wp-element-caption\">Entstanden am 10.08.2008 \u2022 Outlines mit Bleistift. \u2022 Coloation und Hintergrund mit Aquarellfarben. \u2022 Hatte leider keine Hautfarbe, deswegen ein b\u00e4runliches Gemisch.<\/figcaption><\/figure>\n\n\n\n<figure class=\"wp-block-image alignnone size-full wp-image-3260\"><img loading=\"lazy\" decoding=\"async\" width=\"600\" height=\"572\" src=\"https:\/\/art.phantom-of-light.de\/wp-content\/uploads\/20080810_01_600.jpg\" alt=\"\" class=\"wp-image-3260\"\/><figcaption class=\"wp-element-caption\">Entstanden am 10.08.2008 \u2022 Outlines: Kugelschreiber (schwarz) \u2022 Coloration &amp; Hintergrund: Aquarellfarben<\/figcaption><\/figure>\n\n\n\n<figure class=\"wp-block-image alignnone size-full wp-image-3261\"><img loading=\"lazy\" decoding=\"async\" width=\"455\" height=\"600\" src=\"https:\/\/art.phantom-of-light.de\/wp-content\/uploads\/20080810_03_600.jpg\" alt=\"\" class=\"wp-image-3261\"\/><figcaption class=\"wp-element-caption\">Enstanden am 10.08.2008 \u2022 Outlines mit Bleistift. \u2022 Coloration und Hintergrund mit Aquarellfarben. \u2022 Selbstgeschmischte Hautfarbe ausprobiert.<\/figcaption><\/figure>\n\n\n\n<figure class=\"wp-block-image alignnone size-full wp-image-3262\"><img loading=\"lazy\" decoding=\"async\" width=\"460\" height=\"600\" src=\"https:\/\/art.phantom-of-light.de\/wp-content\/uploads\/20080810_06_600.jpg\" alt=\"\" class=\"wp-image-3262\"\/><figcaption class=\"wp-element-caption\">Entstanden am 10.08.2008 \u2022 Outlines mit Bleistift. \u2022 Coloration und Hintergrund mit Aquarellfarben.<\/figcaption><\/figure>\n\n\n\n<figure class=\"wp-block-image alignnone size-full wp-image-3264\"><img loading=\"lazy\" decoding=\"async\" width=\"470\" height=\"600\" src=\"https:\/\/art.phantom-of-light.de\/wp-content\/uploads\/20080823_01_600.jpg\" alt=\"\" class=\"wp-image-3264\"\/><figcaption class=\"wp-element-caption\">Entstanden: 23.08.2008 \u2022 Outlines: Kugelschreiber (schwarz) \u2022 Coloration: Aquarell (Tuben) \u2022 Hintergrund: Aquarellbild aus dem Jahr 2014. Nachtr\u00e4glich am PC eingef\u00fcgt. \u2022 Hintergrund Entstehung: https:\/\/art.phantom-of-light.de\/?p=719<\/figcaption><\/figure>\n\n\n\n<figure class=\"wp-block-image alignnone size-full wp-image-3263\"><img loading=\"lazy\" decoding=\"async\" width=\"456\" height=\"600\" src=\"https:\/\/art.phantom-of-light.de\/wp-content\/uploads\/20080810_08_600.jpg\" alt=\"\" class=\"wp-image-3263\"\/><figcaption class=\"wp-element-caption\">Entstanden am 10.08.2008 \u2022 Outlines mit Bleistift. \u2022 Coloration mit Aquarellfarben. \u2022 Hintergrund am PC (eigenes Landschaftsfoto abstrahiert).<\/figcaption><\/figure>\n\n\n\n<figure class=\"wp-block-image alignnone size-full wp-image-3265\"><img loading=\"lazy\" decoding=\"async\" width=\"486\" height=\"600\" src=\"https:\/\/art.phantom-of-light.de\/wp-content\/uploads\/20080823_02_600.jpg\" alt=\"\" class=\"wp-image-3265\"\/><figcaption class=\"wp-element-caption\">ntstanden: 23.08.2008 \u2022 Outlines: Kugelschreiber (schwarz) \u2022 Coloration &amp; Hintergrund: Aquarellfarben (aus der Tube)<\/figcaption><\/figure>\n\n\n\n<figure class=\"wp-block-image alignnone size-full wp-image-3266\"><img loading=\"lazy\" decoding=\"async\" width=\"515\" height=\"600\" src=\"https:\/\/art.phantom-of-light.de\/wp-content\/uploads\/20080824_02_600.jpg\" alt=\"\" class=\"wp-image-3266\"\/><figcaption class=\"wp-element-caption\">Entstanden am 24.08.2008 \u2022 Outlines: Kugelschreiber (schwarz) \u2022 Coloration &amp; Hintergrund: Aquarellfarben<\/figcaption><\/figure>\n\n\n\n<figure class=\"wp-block-image alignnone size-full wp-image-3268\"><img loading=\"lazy\" decoding=\"async\" width=\"458\" height=\"600\" src=\"https:\/\/art.phantom-of-light.de\/wp-content\/uploads\/20081004_01_600.jpg\" alt=\"\" class=\"wp-image-3268\"\/><figcaption class=\"wp-element-caption\">Entstanden: 04.10.2008 \u2022 Outlines mit Bleistift (2B). \u2022 Coloration &amp; Hintergrund mit Auarellfarben. \u2022 Wollte eigentlich eher etwas gruseliges zum Thema Halloween zeichnen. -_-<\/figcaption><\/figure>\n\n\n\n<figure class=\"wp-block-image alignnone size-full wp-image-3267\"><img loading=\"lazy\" decoding=\"async\" width=\"459\" height=\"600\" src=\"https:\/\/art.phantom-of-light.de\/wp-content\/uploads\/20081003_01_600.jpg\" alt=\"\" class=\"wp-image-3267\"\/><figcaption class=\"wp-element-caption\">Entstanden am 03.10.2008 \u2022 Outlines: Bleistift (2B) \u2022 Coloration &amp; Hintergrund mit Aquarellfarben. \u2022 Ich liebe die Farben der Bl\u00e4tter im Herbst. *schw\u00e4rm*<\/figcaption><\/figure>\n\n\n\n<figure class=\"wp-block-image alignnone size-full wp-image-3269\"><img loading=\"lazy\" decoding=\"async\" width=\"475\" height=\"600\" src=\"https:\/\/art.phantom-of-light.de\/wp-content\/uploads\/20081015_600.jpg\" alt=\"\" class=\"wp-image-3269\"\/><figcaption class=\"wp-element-caption\">Entstanden am 15.10.2008 \u2022 Outlines: Bleistift \u2022 Coloration &amp; Hintergrund: Aquarellfarben<\/figcaption><\/figure>\n\n\n\n<figure class=\"wp-block-image alignnone size-full wp-image-3270\"><img loading=\"lazy\" decoding=\"async\" width=\"437\" height=\"600\" src=\"https:\/\/art.phantom-of-light.de\/wp-content\/uploads\/20081214_01_600.jpg\" alt=\"\" class=\"wp-image-3270\"\/><figcaption class=\"wp-element-caption\">Entstanden: 14.12.2008 \u2022 Outlines: Kugelschreiber (schwarz) \u2022 Coloration: Buntstifte \u2022 Hintergrund: Aquarellbild aus dem Jahr 2014 nachtr\u00e4glich am PC eingef\u00fcgt und farblich ge\u00e4ndert.<\/figcaption><\/figure>\n\n\n\n<figure class=\"wp-block-image alignnone size-full wp-image-3271\"><img loading=\"lazy\" decoding=\"async\" width=\"458\" height=\"600\" src=\"https:\/\/art.phantom-of-light.de\/wp-content\/uploads\/20081220_02_600.jpg\" alt=\"\" class=\"wp-image-3271\"\/><figcaption class=\"wp-element-caption\">Entstanden am: 20.12.2008 \u2022 Outlines mit Kugelschreiber. \u2022 Coloration mit Aquarellfarben. \u2022 Details mit Gelstiften, teilweise mit Glitzer (sieht man hier leider nicht) \u2022 Hintergrund teilweise mit Aquarell + am PC (auch der Schnee).<\/figcaption><\/figure>\n\n\n\n<figure class=\"wp-block-image alignnone size-full wp-image-3272\"><img loading=\"lazy\" decoding=\"async\" width=\"445\" height=\"600\" src=\"https:\/\/art.phantom-of-light.de\/wp-content\/uploads\/20081220_03_600.jpg\" alt=\"\" class=\"wp-image-3272\"\/><figcaption class=\"wp-element-caption\">Entstanden: 20.12.2008 \u2022 Outlines: Kugelschreiber (Schwarz) \u2022 Coloration: Aquarellfarben (Tuben) \u2022 Hintergrund: Aquarellbild von 2014 nachtr\u00e4glich am PC eingef\u00fcgt.<\/figcaption><\/figure>\n\n\n\n<figure class=\"wp-block-image alignnone size-full wp-image-3164\"><img loading=\"lazy\" decoding=\"async\" width=\"468\" height=\"600\" src=\"https:\/\/art.phantom-of-light.de\/wp-content\/uploads\/20081220_04_600.jpg\" alt=\"\" class=\"wp-image-3164\"\/><figcaption class=\"wp-element-caption\">Entstanden: 20.12.2008 \u2022 Outlines: Kugelschreiber (Schwarz) \u2022 Coloration: Aquarellfarben (Tuben) \u2022 Hintergrund: Aquarellbild von 2014 nachtr\u00e4glich am PC eingef\u00fcgt.<\/figcaption><\/figure>\n\n\n\n<figure class=\"wp-block-image alignnone size-full wp-image-3165\"><img loading=\"lazy\" decoding=\"async\" width=\"454\" height=\"600\" src=\"https:\/\/art.phantom-of-light.de\/wp-content\/uploads\/20081231_01_600.jpg\" alt=\"\" class=\"wp-image-3165\"\/><figcaption class=\"wp-element-caption\">Entstanden: 31.12.2008 \u2022 Outlines: Kugelschreiber (schwarz &amp; rot) \u2022 Coloration: Aquarell \u2022 Hintergrund: Aquarell, 2014 (nachtr\u00e4glich am PC eingef\u00fcgt) \u2022 Bl\u00e4tter \/ \u00c4ste, 2014 (eigenes Foto, nachtr\u00e4glich eingef\u00fcgt)<\/figcaption><\/figure>\n","protected":false},"excerpt":{"rendered":"<p>2008 bin ich dem Chibi-Stil verfallen und habe viel ausprobiert. Im Laufe des Jahres entdeckte ich das Colorieren mit Aquarellfarben f\u00fcr mich. \ud83d\ude42<\/p>\n","protected":false},"author":1,"featured_media":0,"parent":6,"menu_order":0,"comment_status":"closed","ping_status":"closed","template":"","meta":{"footnotes":""},"class_list":["post-3280","page","type-page","status-publish","hentry"],"_links":{"self":[{"href":"https:\/\/art.phantom-of-light.de\/index.php?rest_route=\/wp\/v2\/pages\/3280","targetHints":{"allow":["GET"]}}],"collection":[{"href":"https:\/\/art.phantom-of-light.de\/index.php?rest_route=\/wp\/v2\/pages"}],"about":[{"href":"https:\/\/art.phantom-of-light.de\/index.php?rest_route=\/wp\/v2\/types\/page"}],"author":[{"embeddable":true,"href":"https:\/\/art.phantom-of-light.de\/index.php?rest_route=\/wp\/v2\/users\/1"}],"replies":[{"embeddable":true,"href":"https:\/\/art.phantom-of-light.de\/index.php?rest_route=%2Fwp%2Fv2%2Fcomments&post=3280"}],"version-history":[{"count":5,"href":"https:\/\/art.phantom-of-light.de\/index.php?rest_route=\/wp\/v2\/pages\/3280\/revisions"}],"predecessor-version":[{"id":3888,"href":"https:\/\/art.phantom-of-light.de\/index.php?rest_route=\/wp\/v2\/pages\/3280\/revisions\/3888"}],"up":[{"embeddable":true,"href":"https:\/\/art.phantom-of-light.de\/index.php?rest_route=\/wp\/v2\/pages\/6"}],"wp:attachment":[{"href":"https:\/\/art.phantom-of-light.de\/index.php?rest_route=%2Fwp%2Fv2%2Fmedia&parent=3280"}],"curies":[{"name":"wp","href":"https:\/\/api.w.org\/{rel}","templated":true}]}}