{"id":3278,"date":"2018-07-17T21:16:58","date_gmt":"2018-07-17T19:16:58","guid":{"rendered":"https:\/\/art.phantom-of-light.de\/?page_id=3278"},"modified":"2023-11-16T11:18:36","modified_gmt":"2023-11-16T10:18:36","slug":"color-2006","status":"publish","type":"page","link":"https:\/\/art.phantom-of-light.de\/?page_id=3278","title":{"rendered":"Color &#8211; 2006"},"content":{"rendered":"\n<p>2006 habe ich mich verst\u00e4rkt mit den Hintergr\u00fcnden und die Coloration von schattierten Bleistiftzeichnungen besch\u00e4ftigt.<\/p>\n\n\n\n<figure class=\"wp-block-image alignnone size-full wp-image-3225\"><img loading=\"lazy\" decoding=\"async\" width=\"600\" height=\"466\" src=\"https:\/\/art.phantom-of-light.de\/wp-content\/uploads\/20060323_600.jpg\" alt=\"\" class=\"wp-image-3225\"\/><figcaption class=\"wp-element-caption\">23.03.2006 \u2022 Bleistift \u2022 Coloration und Hintergrund am PC \u2022 Originalfoto Art-in-Black.de Von mir leicht abge\u00e4ndert.<\/figcaption><\/figure>\n\n\n\n<figure class=\"wp-block-image alignnone size-full wp-image-3226\"><img loading=\"lazy\" decoding=\"async\" width=\"427\" height=\"600\" src=\"https:\/\/art.phantom-of-light.de\/wp-content\/uploads\/20060327_600.jpg\" alt=\"\" class=\"wp-image-3226\"\/><figcaption class=\"wp-element-caption\">27.03.2006 \u2022 Ein Versuch in eine Zeichnung Tiefensch\u00e4rfe rein zu bringen. \u2022 Format: A4, Hoch \u2022 Outlines: Fineliner \u2022 Coloration: Buntstifte \u2022 Hintergrund: Brushes (Photoshop)<\/figcaption><\/figure>\n\n\n\n<figure class=\"wp-block-image alignnone size-full wp-image-3227\"><img loading=\"lazy\" decoding=\"async\" width=\"404\" height=\"600\" src=\"https:\/\/art.phantom-of-light.de\/wp-content\/uploads\/20060403_600.jpg\" alt=\"\" class=\"wp-image-3227\"\/><figcaption class=\"wp-element-caption\">Entstanden: 03.04.2006 \u2022 Colo: Buntstifte \u2022 Bearbeitung: 22.04.2006, Hintergrund, Rahmen \u2022 Papier: Fotoalbum. Eignet sich sehr gut zum zeichnen und schafft interessante Strukturen beim Colorieren.<\/figcaption><\/figure>\n\n\n\n<figure class=\"wp-block-image alignnone size-full wp-image-3229\"><img loading=\"lazy\" decoding=\"async\" width=\"426\" height=\"600\" src=\"https:\/\/art.phantom-of-light.de\/wp-content\/uploads\/20060413_600.jpg\" alt=\"\" class=\"wp-image-3229\"\/><figcaption class=\"wp-element-caption\">Entstanden: 13.04.2006 \u2022 Bearbeitung: 04.07.2006 \u2022 Hintergrund, Tonung und Rahmen am PC<\/figcaption><\/figure>\n\n\n\n<figure class=\"wp-block-image alignnone size-full wp-image-3230\"><img loading=\"lazy\" decoding=\"async\" width=\"424\" height=\"600\" src=\"https:\/\/art.phantom-of-light.de\/wp-content\/uploads\/20060419_600.jpg\" alt=\"\" class=\"wp-image-3230\"\/><figcaption class=\"wp-element-caption\">19.04.2006, Buntstiftzeichnung \u2022 Bearbeitung: 20.09.2006, Blautonung, Hintergrund und Rahmen am PC<\/figcaption><\/figure>\n\n\n\n<figure class=\"wp-block-image alignnone size-full wp-image-3231\"><img loading=\"lazy\" decoding=\"async\" width=\"458\" height=\"600\" src=\"https:\/\/art.phantom-of-light.de\/wp-content\/uploads\/20060422_600.jpg\" alt=\"\" class=\"wp-image-3231\"\/><figcaption class=\"wp-element-caption\">Entstanden: 22.04.2006 \u2022 Outlines: Bleistift \u2022 Coloration: Buntstifte \u2022 Bearbeitung: leichte Pastellt\u00f6ne am PC \u2022 Dieses Bild ziert die erste Version meines ersten Art-Homepage-Designs ab 2006.<\/figcaption><\/figure>\n\n\n\n<figure class=\"wp-block-image alignnone size-full wp-image-3233\"><img loading=\"lazy\" decoding=\"async\" width=\"427\" height=\"600\" src=\"https:\/\/art.phantom-of-light.de\/wp-content\/uploads\/20060422_600_02.jpg\" alt=\"\" class=\"wp-image-3233\"\/><figcaption class=\"wp-element-caption\">Entstanden: 22.04.2006 \u2022 Bearbeitung: 15.01.2007 \u2022 Bleistiftzeichnung, A4. Am PC habe ich mehrere Fotos \u00fcbereinander gelegt, die eine Struktur ergeben haben. Nachtr\u00e4glich habe ich dem ganze in warmen Farben get\u00f6nt.<\/figcaption><\/figure>\n\n\n\n<figure class=\"wp-block-image alignnone size-full wp-image-3234\"><img loading=\"lazy\" decoding=\"async\" width=\"419\" height=\"600\" src=\"https:\/\/art.phantom-of-light.de\/wp-content\/uploads\/20060516_600.jpg\" alt=\"\" class=\"wp-image-3234\"\/><figcaption class=\"wp-element-caption\">Entstanden: 16.05.2006, Bleistift \u2022 Bearbeitung: Hintergrund, Rahmen, Tonung<\/figcaption><\/figure>\n\n\n\n<figure class=\"wp-block-image alignnone size-full wp-image-3235\"><img loading=\"lazy\" decoding=\"async\" width=\"469\" height=\"600\" src=\"https:\/\/art.phantom-of-light.de\/wp-content\/uploads\/20060722_600.jpg\" alt=\"\" class=\"wp-image-3235\"\/><figcaption class=\"wp-element-caption\">Entstanden: 16.05.2006, Bleistiftzeichnung A4 \u2022 \u2022 Bearbeitung: 21.07.2006, Coloration, Hintergrund und Rahmen am PC<\/figcaption><\/figure>\n\n\n\n<figure class=\"wp-block-image alignnone size-full wp-image-3546\"><img loading=\"lazy\" decoding=\"async\" width=\"435\" height=\"600\" src=\"https:\/\/art.phantom-of-light.de\/wp-content\/uploads\/20060516_600_02.jpg\" alt=\"\" class=\"wp-image-3546\"\/><figcaption class=\"wp-element-caption\">Entstanden am Entstanden am: 16.05.2006 \u2022 Outlines &amp; Schattierung: Bleistift \u2022 Hintergrund und Coloration am PC.<\/figcaption><\/figure>\n\n\n\n<figure class=\"wp-block-image alignnone size-full wp-image-3236\"><img loading=\"lazy\" decoding=\"async\" width=\"456\" height=\"600\" src=\"https:\/\/art.phantom-of-light.de\/wp-content\/uploads\/20060820_600.jpg\" alt=\"\" class=\"wp-image-3236\"\/><figcaption class=\"wp-element-caption\">.::L.O.V.E.::. \u2022 Entstanden am: 20.08.2006 Bleistift und Buntstife, A4 \u2022 Bearbeitung: 19.11.2006 Hintergrund, Rahmen und Tonung.<\/figcaption><\/figure>\n\n\n\n<figure class=\"wp-block-image alignnone size-full wp-image-3238\"><img loading=\"lazy\" decoding=\"async\" width=\"456\" height=\"600\" src=\"https:\/\/art.phantom-of-light.de\/wp-content\/uploads\/20061107_600.jpg\" alt=\"\" class=\"wp-image-3238\"\/><figcaption class=\"wp-element-caption\">Entstanden: 07.11.2006 \u2022 Bearbeitung: 10.10.2007 \u2022 Bleistiftzeichnung. A4. Coloration mit Buntstiften. Tonung am PC. \u2022 Auf dem Original hat die Figur ein Rot-Wei\u00dfes Gewand an. Die Haare sind Rosa-Violett. ;&gt; \u2022 Der Hintergrund entstand aus 4 eigenen Fotos, die ich mit diversen Ebenentechniken bearbeitet habe<\/figcaption><\/figure>\n","protected":false},"excerpt":{"rendered":"<p>2006 habe ich mich verst\u00e4rkt mit den Hintergr\u00fcnden und die Coloration von schattierten Bleistiftzeichnungen besch\u00e4ftigt.<\/p>\n","protected":false},"author":1,"featured_media":0,"parent":6,"menu_order":0,"comment_status":"closed","ping_status":"closed","template":"","meta":{"footnotes":""},"class_list":["post-3278","page","type-page","status-publish","hentry"],"_links":{"self":[{"href":"https:\/\/art.phantom-of-light.de\/index.php?rest_route=\/wp\/v2\/pages\/3278","targetHints":{"allow":["GET"]}}],"collection":[{"href":"https:\/\/art.phantom-of-light.de\/index.php?rest_route=\/wp\/v2\/pages"}],"about":[{"href":"https:\/\/art.phantom-of-light.de\/index.php?rest_route=\/wp\/v2\/types\/page"}],"author":[{"embeddable":true,"href":"https:\/\/art.phantom-of-light.de\/index.php?rest_route=\/wp\/v2\/users\/1"}],"replies":[{"embeddable":true,"href":"https:\/\/art.phantom-of-light.de\/index.php?rest_route=%2Fwp%2Fv2%2Fcomments&post=3278"}],"version-history":[{"count":4,"href":"https:\/\/art.phantom-of-light.de\/index.php?rest_route=\/wp\/v2\/pages\/3278\/revisions"}],"predecessor-version":[{"id":3863,"href":"https:\/\/art.phantom-of-light.de\/index.php?rest_route=\/wp\/v2\/pages\/3278\/revisions\/3863"}],"up":[{"embeddable":true,"href":"https:\/\/art.phantom-of-light.de\/index.php?rest_route=\/wp\/v2\/pages\/6"}],"wp:attachment":[{"href":"https:\/\/art.phantom-of-light.de\/index.php?rest_route=%2Fwp%2Fv2%2Fmedia&parent=3278"}],"curies":[{"name":"wp","href":"https:\/\/api.w.org\/{rel}","templated":true}]}}